{"id":10,"date":"2017-02-28T20:03:05","date_gmt":"2017-02-28T20:03:05","guid":{"rendered":"http:\/\/localhost\/opta-wp\/?page_id=10"},"modified":"2025-12-17T23:41:55","modified_gmt":"2025-12-17T22:41:55","slug":"contact","status":"publish","type":"page","link":"https:\/\/bhv.slashcult.ma\/?page_id=10","title":{"rendered":"Contact"},"content":{"rendered":"<div class = \"one_third \">\n<h2 class=\"big-text \"> Bonjour, \u00e9crivez nous un petit mot &#8211; \u0623\u064f\u0643\u062a\u0628 \u0644\u0646\u0627<\/h2><br \/>\n<\/div>\n<div class = \"two_third last \">\nN&rsquo;h\u00e9sitez pas \u00e0 nous poser une question ou nous faire une proposition, nous serons ravi de vous r\u00e9pondre. Le mail et le t\u00e9l\u00e9phone cit\u00e9 en dessous est aussi valable pour passer commande.<br \/>\n<\/div><div class = \"clear\"><\/div>\n<div class = \"one_third \">\n<div class=\"info-code \">\r\n               <p class=\"info-code-title\">Phone<\/p>               \r\n               <p class=\"info-code-content\">+2127959744<\/p>\r\n               <\/div>\n<div class=\"info-code \">\r\n               <p class=\"info-code-title\">Whatsap<\/p>               \r\n               <p class=\"info-code-content\">+2127959744<\/p>\r\n               <\/div>\n<div class=\"info-code \">\r\n               <p class=\"info-code-title\">Email<\/p>               \r\n               <p class=\"info-code-content\">bhvbehavior@gmail.com<\/p>\r\n               <\/div>\n<\/div>\n<div class = \"two_third last \">\n<\/div><div class = \"clear\"><\/div>\n","protected":false},"excerpt":{"rendered":"","protected":false},"author":2,"featured_media":0,"parent":0,"menu_order":0,"comment_status":"open","ping_status":"closed","template":"","meta":{"footnotes":""},"class_list":["post-10","page","type-page","status-publish","hentry"],"_links":{"self":[{"href":"https:\/\/bhv.slashcult.ma\/index.php?rest_route=\/wp\/v2\/pages\/10","targetHints":{"allow":["GET"]}}],"collection":[{"href":"https:\/\/bhv.slashcult.ma\/index.php?rest_route=\/wp\/v2\/pages"}],"about":[{"href":"https:\/\/bhv.slashcult.ma\/index.php?rest_route=\/wp\/v2\/types\/page"}],"author":[{"embeddable":true,"href":"https:\/\/bhv.slashcult.ma\/index.php?rest_route=\/wp\/v2\/users\/2"}],"replies":[{"embeddable":true,"href":"https:\/\/bhv.slashcult.ma\/index.php?rest_route=%2Fwp%2Fv2%2Fcomments&post=10"}],"version-history":[{"count":7,"href":"https:\/\/bhv.slashcult.ma\/index.php?rest_route=\/wp\/v2\/pages\/10\/revisions"}],"predecessor-version":[{"id":404,"href":"https:\/\/bhv.slashcult.ma\/index.php?rest_route=\/wp\/v2\/pages\/10\/revisions\/404"}],"wp:attachment":[{"href":"https:\/\/bhv.slashcult.ma\/index.php?rest_route=%2Fwp%2Fv2%2Fmedia&parent=10"}],"curies":[{"name":"wp","href":"https:\/\/api.w.org\/{rel}","templated":true}]}}