{"id":229,"date":"2025-12-06T23:14:02","date_gmt":"2025-12-06T22:14:02","guid":{"rendered":"https:\/\/hia.slashcult.ma\/?page_id=229"},"modified":"2025-12-25T16:39:10","modified_gmt":"2025-12-25T15:39:10","slug":"229-2","status":"publish","type":"page","link":"https:\/\/bhv.slashcult.ma\/?page_id=229","title":{"rendered":"Nous &#8211; \u0646\u062d\u0646"},"content":{"rendered":"\n<figure class=\"wp-block-video\"><video height=\"360\" style=\"aspect-ratio: 640 \/ 360;\" width=\"640\" autoplay controls muted src=\"https:\/\/hia.slashcult.ma\/wp-content\/uploads\/2025\/12\/Logo-vivant2.mp4\" playsinline><\/video><\/figure>\n\n\n<div class = \"one_third \"><div class=\"info-code \">\r\n               <p class=\"info-code-title\">Fondation - \u062a\u0623\u0633\u064a\u0633<\/p>               \r\n               <p class=\"info-code-content\">Badel &amp; co<\/p>\r\n               <\/div><div class=\"info-code \">\r\n               <p class=\"info-code-title\">Direction artistique - \u062a\u0635\u0645\u064a\u0645<\/p>               \r\n               <p class=\"info-code-content\">Lehnyne &amp; In<\/p>\r\n               <\/div><div class=\"info-code \">\r\n               <p class=\"info-code-title\">Si\u00e8ge - \u0627\u0644\u0645\u0642\u0631<\/p>               \r\n               <p class=\"info-code-content\">Rabat<\/p>\r\n               <\/div><\/div><div class = \"two_third last \"><\/div><div class = \"clear\"><\/div>\n<p style=\"text-align: right;\">[<strong>BHV<\/strong>]<br \/>.\u0639\u0644\u0627\u0645\u0629 \u062c\u062f\u064a\u062f\u0629 \u0644\u0628\u064a\u0639 \u0627\u0644\u0645\u0644\u0627\u0628\u0633\u060c \u0647\u062f\u0641\u0647\u0627 \u062a\u0642\u062f\u064a\u0645 \u0623\u0632\u064a\u0627\u0621 \u0639\u0635\u0631\u064a\u0629\u060c \u0631\u0627\u0642\u064a\u0629 \u0648\u0645\u0633\u062a\u062f\u0627\u0645\u0629 \u0645\u0639 \u0627\u0644\u0639\u0646\u0627\u064a\u0629 \u0628\u0623\u062f\u0642 \u0627\u0644\u062a\u0641\u0627\u0635\u064a\u0644<br \/>.\u0646\u0624\u0645\u0646 \u0623\u0646 \u0627\u0644\u062c\u0648\u062f\u0629 \u0644\u0627 \u064a\u062c\u0628 \u0623\u0646 \u062a\u0643\u0648\u0646 \u062d\u0643\u0631\u0627 \u0639\u0644 \u0637\u0628\u0642\u0629 \u0645\u0639\u064a\u0646\u0629\u060c \u0644\u0647\u0630\u0627 \u0646\u0642\u062f\u0645 \u062a\u0635\u0627\u0645\u064a\u0645 \u062a\u0645\u0632\u064a\u062c \u0628\u064a\u0646 \u0627\u0644\u0623\u0635\u0627\u0644\u0629 \u0648\u0627\u0644\u062d\u062f\u0627\u062b\u0629\u060c \u0628\u064a\u0646 \u0627\u0644\u0631\u0642\u064a \u0648\u0623\u0633\u0639\u0627\u0631 \u0641\u064a \u0645\u062a\u0646\u0627\u0648\u0644 \u0627\u0644\u062c\u0645\u064a\u0639<br \/>\u00a0: \u0647\u062f\u0641\u0646\u0627 \u0647\u0648 \u0623\u0646 \u0646\u062c\u0639\u0644 \u0645\u0646 \u0639\u0644\u0627\u0645\u062a\u0646\u0627 \u0631\u0645\u0632\u064b\u0627\u00a0 \u0644\u0644\u062b\u0642\u0629 \u0644\u062f\u0649 \u0627\u0644\u0645\u0633\u062a\u0647\u0644\u0643 \u0645\u0646 \u062e\u0644\u0627\u0644 \u0645\u0628\u0627\u062f\u0626\u0646\u0627 \u0627\u0644\u062b\u0644\u0627\u062b\u0629<br \/>\u0645\u0635\u062f\u0627\u0642\u064a\u0629 \u0627\u0644\u0645\u0639\u0644\u0648\u0645\u0627\u062a \u0627\u0644\u0645\u0639\u0631\u0648\u0636\u0629 \u0639\u0644\u0649 \u0627\u0644\u0645\u0648\u0642\u0639 &#8211;<br \/>\u0636\u0645\u0627\u0646 \u062d\u0642 \u0627\u0644\u0625\u0631\u062c\u0627\u0639 \u0627\u0644\u0645\u062c\u0627\u0646\u064a &#8211;<br \/>\u0627\u0644\u0627\u0633\u062a\u062c\u0627\u0628\u0629 \u0644\u0634\u0643\u0627\u064a\u0627\u062a\u0643\u0645 \u0623\u0648 \u0637\u0644\u0628\u0627\u062a\u0643\u0645 \u0641\u064a \u063a\u0636\u0648\u0646 48 \u0633\u0627\u0639\u0629 &#8211;<\/p>\n<p><strong>BHV<\/strong> est une marque de pr\u00eat-\u00e0-porter qui propose des articles modernes, \u00e9l\u00e9gants, durable avec un grand souci du d\u00e9tail.<\/p>\n<p>\u00c1 <strong>BHV<\/strong>, nous croyons que la qualit\u00e9 ne doit pas \u00eatre un luxe. Nous proposons des cr\u00e9ations alliant finitions, haute gamme \u00e0 prix accessibles, un subtil m\u00e9lange de tradition et de modernit\u00e9.<\/p>\n<p>Notre objectif est de faire de BHV un symbole de confiance \u00e0 travers nos 3 principes :<br \/>&#8211; L&rsquo;authenticit\u00e9 des informations sur le site,<br \/>&#8211; Le droit du retour gratuit assur\u00e9,<br \/>&#8211; La r\u00e9ponse \u00e0 vos r\u00e9clamations ou demandes dans un d\u00e9lai de 48h.<\/p>\n<script> var textslider_speed = \"2000\";\r\n                var textslider_auto = \"true\";                \r\n                var textslider_hover = \"true\";                \r\n                var textslider_dots = \"true\";\r\n    <\/script>\r\n    \r\n <div class=\"testimonial-slider-holder relative \">                             \r\n        <div id=\"textslider\" class=\"testimonial-slider slider\">\r\n            <div class = \"testimonial-content \">\r\n        \u0645\u0632\u064a\u062c \u062f\u0642\u064a\u0642 \u0628\u064a\u0646 \u0627\u0644\u0623\u0635\u0627\u0644\u0629 \u0648\u0627\u0644\u062d\u062f\u0627\u062b\u0629\u060c \u0628\u064a\u0646 \u0627\u0644\u0631\u0642\u064a \u0648\u0623\u0633\u0639\u0627\u0631 \u0641\u064a \u0645\u062a\u0646\u0627\u0648\u0644 \u0627\u0644\u062c\u0645\u064a\u0639<br \/>\r\n        <\/div><div class = \"testimonial-content \">\r\n        Un subtil m\u00e9lange de tradition et de modernit\u00e9 \u00e0 prix accessible<br \/>\r\n        <\/div><div class = \"testimonial-content \">\r\n        \u0647\u062f\u0641\u0646\u0627 \u0647\u0648 \u0623\u0646 \u0646\u062c\u0639\u0644 \u0645\u0646 \u0639\u0644\u0627\u0645\u062a\u0646\u0627 \u0631\u0645\u0632\u064b\u0627\u00a0 \u0644\u0644\u062b\u0642\u0629 \u0644\u062f\u0649 \u0627\u0644\u0645\u0633\u062a\u0647\u0644\u0643 \u0645\u0646 \u062e\u0644\u0627\u0644 \u0645\u0628\u0627\u062f\u0626\u0646\u0627 \u0627\u0644\u062b\u0644\u0627\u062b\u0629<br \/>\r\n        <\/div><div class = \"testimonial-content \">\r\n        Faire de <strong data-start=\"1103\" data-end=\"1126\">BHV<\/strong> un symbole de confiance chez le client\u00a0<br \/>\r\n        <\/div>\r\n        <\/div><\/div>\n\n\n<figure class=\"wp-block-gallery has-nested-images columns-default is-cropped wp-block-gallery-1 is-layout-flex wp-block-gallery-is-layout-flex\">\n<figure class=\"wp-block-image size-large\"><img loading=\"lazy\" decoding=\"async\" width=\"303\" height=\"634\" data-id=\"284\" src=\"https:\/\/hia.slashcult.ma\/wp-content\/uploads\/2017\/02\/pyjama-F.jpg\" alt=\"\" class=\"wp-image-284\" srcset=\"https:\/\/bhv.slashcult.ma\/wp-content\/uploads\/2017\/02\/pyjama-F.jpg 303w, https:\/\/bhv.slashcult.ma\/wp-content\/uploads\/2017\/02\/pyjama-F-143x300.jpg 143w\" sizes=\"auto, (max-width: 303px) 100vw, 303px\" \/><\/figure>\n\n\n\n<figure class=\"wp-block-image size-large\"><img loading=\"lazy\" decoding=\"async\" width=\"303\" height=\"634\" data-id=\"261\" src=\"https:\/\/hia.slashcult.ma\/wp-content\/uploads\/2025\/12\/pyjama-H-ete.jpg\" alt=\"\" class=\"wp-image-261\" srcset=\"https:\/\/bhv.slashcult.ma\/wp-content\/uploads\/2025\/12\/pyjama-H-ete.jpg 303w, https:\/\/bhv.slashcult.ma\/wp-content\/uploads\/2025\/12\/pyjama-H-ete-143x300.jpg 143w\" sizes=\"auto, (max-width: 303px) 100vw, 303px\" \/><\/figure>\n\n\n\n<figure class=\"wp-block-image size-large\"><img loading=\"lazy\" decoding=\"async\" width=\"303\" height=\"634\" data-id=\"277\" src=\"https:\/\/hia.slashcult.ma\/wp-content\/uploads\/2017\/02\/pyjama-1Femme-dos-hiver.jpg\" alt=\"\" class=\"wp-image-277\" srcset=\"https:\/\/bhv.slashcult.ma\/wp-content\/uploads\/2017\/02\/pyjama-1Femme-dos-hiver.jpg 303w, https:\/\/bhv.slashcult.ma\/wp-content\/uploads\/2017\/02\/pyjama-1Femme-dos-hiver-143x300.jpg 143w\" sizes=\"auto, (max-width: 303px) 100vw, 303px\" \/><\/figure>\n\n\n\n<figure class=\"wp-block-image size-large\"><img loading=\"lazy\" decoding=\"async\" width=\"303\" height=\"634\" data-id=\"269\" src=\"https:\/\/hia.slashcult.ma\/wp-content\/uploads\/2017\/02\/pyjama-ete-F-face.jpg\" alt=\"\" class=\"wp-image-269\" srcset=\"https:\/\/bhv.slashcult.ma\/wp-content\/uploads\/2017\/02\/pyjama-ete-F-face.jpg 303w, https:\/\/bhv.slashcult.ma\/wp-content\/uploads\/2017\/02\/pyjama-ete-F-face-143x300.jpg 143w\" sizes=\"auto, (max-width: 303px) 100vw, 303px\" \/><\/figure>\n\n\n\n<figure class=\"wp-block-image size-large\"><img loading=\"lazy\" decoding=\"async\" width=\"303\" height=\"634\" data-id=\"259\" src=\"https:\/\/hia.slashcult.ma\/wp-content\/uploads\/2025\/12\/pyjama-H-hiver.jpg\" alt=\"\" class=\"wp-image-259\" srcset=\"https:\/\/bhv.slashcult.ma\/wp-content\/uploads\/2025\/12\/pyjama-H-hiver.jpg 303w, https:\/\/bhv.slashcult.ma\/wp-content\/uploads\/2025\/12\/pyjama-H-hiver-143x300.jpg 143w\" sizes=\"auto, (max-width: 303px) 100vw, 303px\" \/><\/figure>\n\n\n\n<figure class=\"wp-block-image size-large\"><img loading=\"lazy\" decoding=\"async\" width=\"303\" height=\"634\" data-id=\"271\" src=\"https:\/\/hia.slashcult.ma\/wp-content\/uploads\/2017\/02\/pyjama-ete-F-dos.jpg\" alt=\"\" class=\"wp-image-271\" srcset=\"https:\/\/bhv.slashcult.ma\/wp-content\/uploads\/2017\/02\/pyjama-ete-F-dos.jpg 303w, https:\/\/bhv.slashcult.ma\/wp-content\/uploads\/2017\/02\/pyjama-ete-F-dos-143x300.jpg 143w\" sizes=\"auto, (max-width: 303px) 100vw, 303px\" \/><\/figure>\n<\/figure>\n\n\n<div class = \"one_third last \"><\/div><div class = \"clear\"><\/div><div class=\"progress_bar \">\r\n               <div class=\"progress_bar_title\">Polyester<\/div>               \r\n               <div class=\"progress_bar_field_holder\">   \r\n               <div class=\"progress_bar_field_perecent\" style=\"width:70%;\"><\/div>    \r\n               <\/div>              \r\n               <\/div><div class=\"progress_bar \">\r\n               <div class=\"progress_bar_title\">Coton<\/div>               \r\n               <div class=\"progress_bar_field_holder\">   \r\n               <div class=\"progress_bar_field_perecent\" style=\"width:95%;\"><\/div>    \r\n               <\/div>              \r\n               <\/div><div class=\"progress_bar \">\r\n               <div class=\"progress_bar_title\">Laine<\/div>               \r\n               <div class=\"progress_bar_field_holder\">   \r\n               <div class=\"progress_bar_field_perecent\" style=\"width:85%;\"><\/div>    \r\n               <\/div>              \r\n               <\/div><div class=\"progress_bar \">\r\n               <div class=\"progress_bar_title\">Khit<\/div>               \r\n               <div class=\"progress_bar_field_holder\">   \r\n               <div class=\"progress_bar_field_perecent\" style=\"width:65%;\"><\/div>    \r\n               <\/div>              \r\n               <\/div>\n\n\n<h2 class=\"wp-block-heading has-text-align-left\">L&rsquo;identit\u00e9 visuelle<\/h2>\n\n\n<p><img loading=\"lazy\" decoding=\"async\" class=\"wp-image-216 aligncenter\" src=\"https:\/\/hia.slashcult.ma\/wp-content\/uploads\/2025\/12\/cropped-Logo-site-png-300x300.png\" alt=\"\" width=\"141\" height=\"141\" srcset=\"https:\/\/bhv.slashcult.ma\/wp-content\/uploads\/2025\/12\/cropped-Logo-site-png-300x300.png 300w, https:\/\/bhv.slashcult.ma\/wp-content\/uploads\/2025\/12\/cropped-Logo-site-png-150x150.png 150w, https:\/\/bhv.slashcult.ma\/wp-content\/uploads\/2025\/12\/cropped-Logo-site-png-270x270.png 270w, https:\/\/bhv.slashcult.ma\/wp-content\/uploads\/2025\/12\/cropped-Logo-site-png-192x192.png 192w, https:\/\/bhv.slashcult.ma\/wp-content\/uploads\/2025\/12\/cropped-Logo-site-png-180x180.png 180w, https:\/\/bhv.slashcult.ma\/wp-content\/uploads\/2025\/12\/cropped-Logo-site-png-32x32.png 32w, https:\/\/bhv.slashcult.ma\/wp-content\/uploads\/2025\/12\/cropped-Logo-site-png.png 512w\" sizes=\"auto, (max-width: 141px) 100vw, 141px\" \/><\/p>\n<p>Le logo de Behavior se caract\u00e9rise par sa forme ronde, symbolisant l\u2019harmonie.\u00a0<\/p>\n<p>\u00ab Behavior \u00bb diminutif de BHV et qui signifie \u00ab comportement \u00bb, refl\u00e8te notre volont\u00e9 \u00e0 s&rsquo;adapter avec la singularit\u00e9 ds nos clients afin de leurs proposer des articles qui mettent en valeur leurs propres personnalit\u00e9s.\u00a0<\/p>\n<p>Les sigles hommes\\femmes se combinent subtilement pour symboliser \u00e0 la fois notre offre mixte, l&rsquo;\u00e9volution continue de notre entreprise mais aussi et surtout, notre espoir que chaque client ressente un v\u00e9ritable coup de foudre pour nos produits.<\/p>\n<p class=\"has-text-align-right\">\u064a\u062a\u0645\u064a\u0651\u0632 \u0627\u0644\u0634\u0639\u0627\u0631 \u0628\u0634\u0643\u0644\u0647 \u0627\u0644\u062f\u0627\u0626\u0631\u064a \u0627\u0644\u0630\u064a \u064a\u0631\u0645\u0632 \u0625\u0644\u0649 \u0627\u0644\u0627\u0646\u0633\u062c\u0627\u0645 \u0648\u0647\u0648 \u064a\u0639\u0646\u064a \u00ab\u00a0\u0627\u0644\u0633\u0644\u0648\u0643\u00a0\u00bb \u0623\u0648 \u00ab\u00a0\u0627\u0644\u062a\u0635\u0631\u0641\u00a0\u00bb\u060c \u0648\u064a\u0639\u0643\u0633 \u0631\u063a\u0628\u062a\u0646\u0627 \u0641\u064a \u0627\u0644\u062a\u0643\u064a\u0641 \u0645\u0639 \u062e\u0635\u0648\u0635\u064a\u0629 \u0632\u0628\u0646\u0627\u0626\u0646\u0627 \u0628\u0647\u062f\u0641 \u062a\u0642\u062f\u064a\u0645 \u0645\u0644\u0627\u0628\u0633 \u062a\u064f\u0628\u0631\u0632 \u0634\u062e\u0635\u064a\u062a\u0647\u0645 \u0627\u0644\u0641\u0631\u064a\u062f\u0629<\/p>\n<p class=\"has-text-align-right\">\u0623\u0645\u0627 \u0627\u0644\u0631\u0645\u0632\u0627\u0646 \u0627\u0644\u0645\u0639\u0628\u0651\u0631\u0627\u0646 \u0639\u0646 \u0627\u0644\u0631\u062c\u0627\u0644 \u0648\u0627\u0644\u0646\u0633\u0627\u0621 \u0641\u0647\u0645\u0627 \u064a\u062c\u0633\u0651\u062f\u0627\u0646 \u0637\u0627\u0628\u0639 \u0639\u0631\u0648\u0636\u0646\u0627 \u0627\u0644\u0645\u062a\u0646\u0648\u0639\u0629 \u0644\u0644\u062c\u0646\u0633\u064a\u0646\u060c \u0648 \u0641\u064a \u0627\u0644\u0648\u0642\u062a \u0646\u0641\u0633\u0647\u060c \u0627\u0644\u062a\u0637\u0648\u0631 \u0627\u0644\u0645\u0633\u062a\u0645\u0631 \u0644\u0634\u0631\u0643\u062a\u0646\u0627\u060c \u0648\u0623\u064a\u0636\u064b\u0627 \u2014 \u0648\u0647\u0630\u0627 \u0627\u0644\u0623\u0647\u0645 \u2014 \u0623\u0645\u0644\u0646\u0627 \u0641\u064a \u0623\u0646 \u064a\u0634\u0639\u0631 \u0643\u0644 \u0632\u0628\u0648\u0646 \u0628\u0627\u0646\u062c\u0630\u0627\u0628 \u0641\u0648\u0631\u064a \u0625\u0644\u0649 \u0645\u0646\u062a\u062c\u0627\u062a\u0646\u0627<\/p>\n\n\n<figure class=\"wp-block-image size-large\"><img loading=\"lazy\" decoding=\"async\" width=\"1024\" height=\"256\" src=\"https:\/\/hia.slashcult.ma\/wp-content\/uploads\/2025\/12\/evolution-logo-1024x256.jpg\" alt=\"\" class=\"wp-image-411\" srcset=\"https:\/\/bhv.slashcult.ma\/wp-content\/uploads\/2025\/12\/evolution-logo-1024x256.jpg 1024w, https:\/\/bhv.slashcult.ma\/wp-content\/uploads\/2025\/12\/evolution-logo-300x75.jpg 300w, https:\/\/bhv.slashcult.ma\/wp-content\/uploads\/2025\/12\/evolution-logo-768x192.jpg 768w, https:\/\/bhv.slashcult.ma\/wp-content\/uploads\/2025\/12\/evolution-logo.jpg 1308w\" sizes=\"auto, (max-width: 1024px) 100vw, 1024px\" \/><\/figure>\n","protected":false},"excerpt":{"rendered":"<p>[BHV].\u0639\u0644\u0627\u0645\u0629 \u062c\u062f\u064a\u062f\u0629 \u0644\u0628\u064a\u0639 \u0627\u0644\u0645\u0644\u0627\u0628\u0633\u060c \u0647\u062f\u0641\u0647\u0627 \u062a\u0642\u062f\u064a\u0645 \u0623\u0632\u064a\u0627\u0621 \u0639\u0635\u0631\u064a\u0629\u060c \u0631\u0627\u0642\u064a\u0629 \u0648\u0645\u0633\u062a\u062f\u0627\u0645\u0629 \u0645\u0639 \u0627\u0644\u0639\u0646\u0627\u064a\u0629 \u0628\u0623\u062f\u0642 \u0627\u0644\u062a\u0641\u0627\u0635\u064a\u0644.\u0646\u0624\u0645\u0646 \u0623\u0646 \u0627\u0644\u062c\u0648\u062f\u0629 \u0644\u0627 \u064a\u062c\u0628 \u0623\u0646 \u062a\u0643\u0648\u0646 \u062d\u0643\u0631\u0627 \u0639\u0644 \u0637\u0628\u0642\u0629 \u0645\u0639\u064a\u0646\u0629\u060c \u0644\u0647\u0630\u0627 \u0646\u0642\u062f\u0645 \u062a\u0635\u0627\u0645\u064a\u0645 \u062a\u0645\u0632\u064a\u062c \u0628\u064a\u0646 \u0627\u0644\u0623\u0635\u0627\u0644\u0629 \u0648\u0627\u0644\u062d\u062f\u0627\u062b\u0629\u060c \u0628\u064a\u0646 \u0627\u0644\u0631\u0642\u064a \u0648\u0623\u0633\u0639\u0627\u0631 \u0641\u064a \u0645\u062a\u0646\u0627\u0648\u0644 \u0627\u0644\u062c\u0645\u064a\u0639\u00a0: \u0647\u062f\u0641\u0646\u0627 \u0647\u0648 \u0623\u0646 \u0646\u062c\u0639\u0644 \u0645\u0646 \u0639\u0644\u0627\u0645\u062a\u0646\u0627 \u0631\u0645\u0632\u064b\u0627\u00a0 \u0644\u0644\u062b\u0642\u0629 \u0644\u062f\u0649 \u0627\u0644\u0645\u0633\u062a\u0647\u0644\u0643 \u0645\u0646 \u062e\u0644\u0627\u0644 \u0645\u0628\u0627\u062f\u0626\u0646\u0627 \u0627\u0644\u062b\u0644\u0627\u062b\u0629\u0645\u0635\u062f\u0627\u0642\u064a\u0629 \u0627\u0644\u0645\u0639\u0644\u0648\u0645\u0627\u062a \u0627\u0644\u0645\u0639\u0631\u0648\u0636\u0629 \u0639\u0644\u0649 \u0627\u0644\u0645\u0648\u0642\u0639&#8230; <\/p>\n<p class=\"more\"><a class=\"more-link\" href=\"https:\/\/bhv.slashcult.ma\/?page_id=229\">Read More<\/a><\/p>\n","protected":false},"author":1,"featured_media":0,"parent":0,"menu_order":0,"comment_status":"closed","ping_status":"closed","template":"","meta":{"footnotes":""},"class_list":["post-229","page","type-page","status-publish","hentry"],"_links":{"self":[{"href":"https:\/\/bhv.slashcult.ma\/index.php?rest_route=\/wp\/v2\/pages\/229","targetHints":{"allow":["GET"]}}],"collection":[{"href":"https:\/\/bhv.slashcult.ma\/index.php?rest_route=\/wp\/v2\/pages"}],"about":[{"href":"https:\/\/bhv.slashcult.ma\/index.php?rest_route=\/wp\/v2\/types\/page"}],"author":[{"embeddable":true,"href":"https:\/\/bhv.slashcult.ma\/index.php?rest_route=\/wp\/v2\/users\/1"}],"replies":[{"embeddable":true,"href":"https:\/\/bhv.slashcult.ma\/index.php?rest_route=%2Fwp%2Fv2%2Fcomments&post=229"}],"version-history":[{"count":55,"href":"https:\/\/bhv.slashcult.ma\/index.php?rest_route=\/wp\/v2\/pages\/229\/revisions"}],"predecessor-version":[{"id":413,"href":"https:\/\/bhv.slashcult.ma\/index.php?rest_route=\/wp\/v2\/pages\/229\/revisions\/413"}],"wp:attachment":[{"href":"https:\/\/bhv.slashcult.ma\/index.php?rest_route=%2Fwp%2Fv2%2Fmedia&parent=229"}],"curies":[{"name":"wp","href":"https:\/\/api.w.org\/{rel}","templated":true}]}}